{"id":13,"date":"2021-03-17T12:11:06","date_gmt":"2021-03-17T12:11:06","guid":{"rendered":"http:\/\/www.birgiatakonagi.com\/?page_id=13"},"modified":"2024-12-10T10:19:20","modified_gmt":"2024-12-10T10:19:20","slug":"anasayfa","status":"publish","type":"page","link":"http:\/\/www.birgiatakonagi.com\/","title":{"rendered":"ANASAYFA"},"content":{"rendered":"<p>[et_pb_section fb_built=&#8221;1&#8243; admin_label=&#8221;Hero&#8221; _builder_version=&#8221;3.21.1&#8243; background_image=&#8221;http:\/\/www.birgiatakonagi.com\/wp-content\/uploads\/2021\/03\/Ekran-Resmi-2021-03-16-12.32.29-poz.jpg&#8221; background_position=&#8221;bottom_center&#8221; custom_padding=&#8221;9vw||22vw||false|false&#8221; locked=&#8221;off&#8221;][et_pb_row _builder_version=&#8221;4.5.1&#8243;][et_pb_column type=&#8221;4_4&#8243; _builder_version=&#8221;4.5.1&#8243;][et_pb_text _builder_version=&#8221;4.5.1&#8243; header_font=&#8221;Cormorant Garamond|600|||||||&#8221; header_text_color=&#8221;#1f2a4b&#8221; header_font_size=&#8221;74px&#8221; header_font_size_tablet=&#8221;48px&#8221; header_font_size_phone=&#8221;28px&#8221; header_font_size_last_edited=&#8221;on|phone&#8221; header_2_font=&#8221;Montserrat|500||on|||||&#8221; header_2_text_color=&#8221;rgba(0,0,0,0.4)&#8221; header_2_font_size=&#8221;12px&#8221; header_2_letter_spacing=&#8221;1px&#8221; header_2_line_height=&#8221;1.8em&#8221;]<\/p>\n<h2>Welcome to Divi<\/h2>\n<h1><span style=\"color: #ffffff;\">B\u0130RG\u0130 ATA KONAG\u0130<\/span><\/h1>\n<p>[\/et_pb_text][\/et_pb_column][\/et_pb_row][\/et_pb_section][et_pb_section fb_built=&#8221;1&#8243; admin_label=&#8221;Products&#8221; _builder_version=&#8221;4.5.1&#8243; background_color=&#8221;#f6f4f2&#8243; background_size=&#8221;contain&#8221; background_position=&#8221;center_left&#8221;][\/et_pb_section][et_pb_section fb_built=&#8221;1&#8243; specialty=&#8221;on&#8221; admin_label=&#8221;About&#8221; _builder_version=&#8221;4.5.1&#8243; background_color=&#8221;#f6f4f2&#8243; background_size=&#8221;initial&#8221; background_position=&#8221;center_right&#8221;][et_pb_column type=&#8221;1_4&#8243; _builder_version=&#8221;3.25&#8243; custom_padding__hover=&#8221;|||&#8221;][\/et_pb_column][et_pb_column type=&#8221;3_4&#8243; specialty_columns=&#8221;3&#8243; _builder_version=&#8221;3.25&#8243; custom_padding__hover=&#8221;|||&#8221;][et_pb_row_inner _builder_version=&#8221;4.4.8&#8243;][et_pb_column_inner type=&#8221;4_4&#8243; saved_specialty_column_type=&#8221;3_4&#8243; _builder_version=&#8221;4.4.8&#8243;][et_pb_text _builder_version=&#8221;4.5.1&#8243; text_font=&#8221;Cormorant Garamond|600|||||||&#8221; text_text_color=&#8221;#1f2a4b&#8221; text_font_size=&#8221;34px&#8221; text_line_height=&#8221;1.3em&#8221; locked=&#8221;off&#8221;]<\/p>\n<p>Birginin en ta\u015f kona\u011f\u0131<\/p>\n<p>[\/et_pb_text][\/et_pb_column_inner][\/et_pb_row_inner][et_pb_row_inner _builder_version=&#8221;4.4.8&#8243;][et_pb_column_inner type=&#8221;1_2&#8243; saved_specialty_column_type=&#8221;3_4&#8243; _builder_version=&#8221;4.4.8&#8243;][et_pb_text _builder_version=&#8221;4.5.1&#8243; text_line_height=&#8221;2em&#8221; locked=&#8221;off&#8221;]<\/p>\n<p><b>Birgi<\/b><span>, kendine has geleneksel mimari dokusunu g\u00fcn\u00fcm\u00fcze kadar koruyabilmi\u015f ender yerle\u015fim yerlerinden biridir. Konaklar\u0131, camileri, t\u00fcrbeleri, medreseleri, hamamlar\u0131, \u00e7e\u015fmeleri ve daha bir\u00e7ok eseriyle, beylikler d\u00f6neminden ba\u015flay\u0131p g\u00fcn\u00fcm\u00fcze ula\u015fm\u0131\u015f \u00e7ok say\u0131da tescilli yap\u0131ya sahiptir.<\/span><\/p>\n<p>[\/et_pb_text][\/et_pb_column_inner][et_pb_column_inner type=&#8221;1_2&#8243; saved_specialty_column_type=&#8221;3_4&#8243; _builder_version=&#8221;4.4.8&#8243;][et_pb_text _builder_version=&#8221;4.4.8&#8243; text_line_height=&#8221;2em&#8221; locked=&#8221;off&#8221;]<\/p>\n<p><span>Yakla\u015f\u0131k 3 bin y\u0131ll\u0131k ge\u00e7mi\u015finde \u00e7ok say\u0131da medeniyete ev sahipli\u011fi yapan \u0130zmir&#8217;in tarihi mahallesi\u00a0<\/span><strong>Birgi<\/strong><span>, korudu\u011fu mimari gelene\u011fiyle ziyaret\u00e7ilerini adeta zamanda yolculu\u011fa \u00e7\u0131kar\u0131yor.<\/span><\/p>\n<p>[\/et_pb_text][\/et_pb_column_inner][\/et_pb_row_inner][\/et_pb_column][\/et_pb_section][et_pb_section fb_built=&#8221;1&#8243; admin_label=&#8221;Feature&#8221; _builder_version=&#8221;4.5.1&#8243; background_color=&#8221;#f6f4f2&#8243; background_image=&#8221;http:\/\/zaib.sandbox.etdevs.com\/divi\/wp-content\/uploads\/sites\/2\/2020\/07\/perfume-company-05-3.jpg&#8221; background_position=&#8221;bottom_center&#8221; custom_padding=&#8221;||0||false|false&#8221;][et_pb_row custom_padding=&#8221;||||false|false&#8221; _builder_version=&#8221;4.5.1&#8243;][et_pb_column type=&#8221;1_2&#8243; _builder_version=&#8221;4.5.1&#8243;][et_pb_text _builder_version=&#8221;4.5.1&#8243; header_2_font=&#8221;Cormorant Garamond|500|||||||&#8221; header_2_text_color=&#8221;#0b1115&#8243; header_2_font_size=&#8221;54px&#8221; header_2_font_size_tablet=&#8221;38px&#8221; header_2_font_size_phone=&#8221;28px&#8221; header_2_font_size_last_edited=&#8221;on|phone&#8221; header_3_font=&#8221;Montserrat|500||on|||||&#8221; header_3_text_color=&#8221;rgba(0,0,0,0.4)&#8221; header_3_font_size=&#8221;12px&#8221; header_3_letter_spacing=&#8221;1px&#8221; header_3_line_height=&#8221;1.8em&#8221; locked=&#8221;off&#8221;][\/et_pb_text][et_pb_text _builder_version=&#8221;4.4.8&#8243; text_line_height=&#8221;2em&#8221; locked=&#8221;off&#8221;]<\/p>\n<p>Odalar\u0131m\u0131z<\/p>\n<p>[\/et_pb_text][\/et_pb_column][et_pb_column type=&#8221;1_2&#8243; _builder_version=&#8221;4.4.8&#8243;][et_pb_image src=&#8221;http:\/\/www.birgiatakonagi.com\/wp-content\/uploads\/2021\/03\/Ekran-Resmi-2021-03-16-12.30.29-poz.jpg&#8221; title_text=&#8221;perfume-company-09&#8243; show_bottom_space=&#8221;off&#8221; _builder_version=&#8221;3.21.1&#8243; module_alignment=&#8221;right&#8221; locked=&#8221;off&#8221;][\/et_pb_image][et_pb_image src=&#8221;http:\/\/www.birgiatakonagi.com\/wp-content\/uploads\/2021\/03\/Ekran-Resmi-2021-03-16-12.29.56-poz.jpg&#8221; title_text=&#8221;perfume-company-11&#8243; _builder_version=&#8221;3.21.1&#8243; locked=&#8221;off&#8221;][\/et_pb_image][\/et_pb_column][\/et_pb_row][\/et_pb_section][et_pb_section fb_built=&#8221;1&#8243; _builder_version=&#8221;3.21.1&#8243;][et_pb_row _builder_version=&#8221;3.21.1&#8243;][et_pb_column type=&#8221;4_4&#8243; _builder_version=&#8221;3.21.1&#8243;][et_pb_text _builder_version=&#8221;3.21.1&#8243;]<\/p>\n<h2 class=\"u-blog-control u-text u-text-1\">S\u00fcrd\u00fcr\u00fclebilir Turizm Politikas\u0131<\/h2>\n<div class=\"u-blog-control u-metadata u-metadata-1\"><\/div>\n<div class=\"u-align-justify u-blog-control u-post-content u-text u-text-2\">\n<p>S\u00dcRD\u00dcR\u00dcLEB\u0130L\u0130R TUR\u0130ZM POL\u0130T\u0130KAMIZ<\/p>\n<p>Biz, Hotel olarak, Otelimizin \u00e7evremiz \u00fczerindeki etkilerini azaltmak amac\u0131yla \u00e7\u0131kt\u0131\u011f\u0131m\u0131z bu uzun yolda, at\u0131k y\u00f6netimi, do\u011fal kaynak kullan\u0131m\u0131, \u00e7al\u0131\u015fanlara sa\u011fl\u0131k, g\u00fcvenlik ve \u00e7ocuk koruma konular\u0131nda bilgilendirme ve e\u015fit haklar\u0131n tan\u0131nmas\u0131 faaliyetleri ile t\u00fcm sorumlulu\u011funu al\u0131yoruz ve insan haklar\u0131na sayg\u0131 g\u00f6steriyoruz. Bulundu\u011fumuz topluluk ile entegre olma ve toplumsal sorunlar\u0131n \u00e7\u00f6z\u00fcm\u00fcnde yer alma konular\u0131nda yapt\u0131\u011f\u0131m\u0131z \u00e7al\u0131\u015fmalar\u0131n, turizmde s\u00fcrd\u00fcr\u00fclebilirli\u011fin sa\u011flanmas\u0131na katk\u0131 sa\u011flayaca\u011f\u0131 inanc\u0131nday\u0131z.<\/p>\n<p>Do\u011fal kaynaklar\u0131m\u0131z\u0131n tasarruflu kullan\u0131m\u0131n\u0131n ve bu kaynaklar\u0131n etkin bir \u015fekilde y\u00f6netilmesinin, turizmin s\u00fcrd\u00fcr\u00fclebilirli\u011finin sa\u011flanmas\u0131 a\u00e7\u0131s\u0131ndan \u00e7ok \u00f6nemli oldu\u011funa inanmaktay\u0131z. \u00c7evre konusunda ger\u00e7ekle\u015ftirdi\u011fimiz uygulamalarla, Ege b\u00f6lgesinde ve T\u00fcrkiye\u2019de otelcilik sekt\u00f6r\u00fcnde \u00f6rnek bir i\u015fletme olmay\u0131 hedeflemekteyiz.<\/p>\n<p>Amac\u0131m\u0131z, y\u00fcr\u00fcrl\u00fckte bulunan t\u00fcm \u00e7evre kanunlar\u0131, t\u00fcz\u00fckleri ve d\u00fczenlemelerine uyarak, hizmet verdi\u011fimiz toplumlara, y\u00fcksek kalitede hizmet, ekonomik b\u00fcy\u00fcme, \u00e7evre koruma, toplumsal kat\u0131l\u0131m ve tabii ki, istihdam vas\u0131tas\u0131yla fayda sa\u011flamakt\u0131r. \u00c7evre ile ilgili ama\u00e7 ve hedeflerimizi belirleyip, s\u00fcrekli olarak \u00e7evresel performans\u0131m\u0131z\u0131 geli\u015ftirecek ve faaliyetlerimizin \u00e7evre \u00fczerindeki etkileri aza indirece\u011fiz. \u00c7al\u0131\u015fanlar\u0131m\u0131z, misafirlerimiz, tedarik\u00e7ilerimiz ve genel olarak toplum aras\u0131nda \u00e7evre konusunda bilin\u00e7 olu\u015fturaca\u011f\u0131z.<\/p>\n<p>OUR SUSTAINABLE TOURISM POLICY<\/p>\n<p>We, as\u00a0 Hotel, take full responsibility and respect human rights through activities such as waste management, natural resource use, informing employees about health, safety and child protection, and promoting equal rights in this long journey we set out to reduce the impact of our Hotel on our environment. We believe that our work on integrating with our community and taking part in the solution of social problems will contribute to ensuring sustainability in tourism.<\/p>\n<p>We believe that the efficient use of our natural resources and the effective management of these resources are very important in terms of ensuring the sustainability of tourism. We aim to be an exemplary business in the hotel sector in the Aegean region and Turkey, with our practices on the environment.<\/p>\n<p>Our aim is to benefit the communities we serve through high quality service, economic growth, environmental protection, community participation and, of course, employment, by complying with all applicable environmental laws, statutes and regulations. We will set our environmental goals and targets, continuously improve our environmental performance and minimize the impact of our activities on the environment. We will create environmental awareness among our employees, guests, suppliers and the society in general.<\/p>\n<\/div>\n<p>[\/et_pb_text][\/et_pb_column][\/et_pb_row][\/et_pb_section][et_pb_section fb_built=&#8221;1&#8243; admin_label=&#8221;Footer&#8221; _builder_version=&#8221;4.4.8&#8243; background_image=&#8221;http:\/\/zaib.sandbox.etdevs.com\/divi\/wp-content\/uploads\/sites\/2\/2020\/06\/1.jpg&#8221; custom_padding=&#8221;0||0||true|false&#8221; locked=&#8221;off&#8221;][et_pb_row use_custom_gutter=&#8221;on&#8221; gutter_width=&#8221;2&#8243; custom_padding=&#8221;40px|70px|40px|70px|true|true&#8221; custom_padding_tablet=&#8221;|30px||30px|true|true&#8221; custom_padding_phone=&#8221;|20px||20px|true|true&#8221; custom_margin=&#8221;0px||||false|false&#8221; custom_padding_last_edited=&#8221;on|phone&#8221; _builder_version=&#8221;4.5.1&#8243; background_color=&#8221;#ffffff&#8221;][et_pb_column type=&#8221;1_4&#8243; _builder_version=&#8221;4.5.1&#8243;][et_pb_text _builder_version=&#8221;4.5.1&#8243; text_line_height=&#8221;2em&#8221; header_3_font=&#8221;Montserrat|500||on|||||&#8221; header_3_text_color=&#8221;rgba(0,0,0,0.4)&#8221; header_3_font_size=&#8221;12px&#8221; header_3_letter_spacing=&#8221;1px&#8221; header_3_line_height=&#8221;1.8em&#8221; locked=&#8221;off&#8221;]<\/p>\n<h3>Store<\/h3>\n<p><span>\u015eehit G\u00fcrol Madan Caddesi <\/span><\/p>\n<p><span>No 11, 35750 Birgi \u00d6demi\u015f\/\u0130zmir<\/span><\/p>\n<p>[\/et_pb_text][\/et_pb_column][et_pb_column type=&#8221;1_4&#8243; _builder_version=&#8221;4.5.1&#8243;][et_pb_text _builder_version=&#8221;4.5.1&#8243; text_line_height=&#8221;2em&#8221; header_3_font=&#8221;Montserrat|500||on|||||&#8221; header_3_text_color=&#8221;rgba(0,0,0,0.4)&#8221; header_3_font_size=&#8221;12px&#8221; header_3_letter_spacing=&#8221;1px&#8221; header_3_line_height=&#8221;1.8em&#8221; locked=&#8221;off&#8221;]<\/p>\n<h3>Contact<\/h3>\n<p><a data-dtype=\"d3ifr\" data-local-attribute=\"d3ph\" jscontroller=\"LWZElb\" href=\"https:\/\/www.google.com\/search?gs_ssp=eJzj4tZP1zcsKTIryLGoNGC0UjWoMDRJskhLMjIwNjCyME22NLQyqDA1TE5NNbQ0tExNSbMwTE3zkk7KLErPVDi8_MjGvMSixJySIxsVChLzijMr8_MA4_Abig&amp;q=birgi+%C3%A7%C4%B1naralt%C4%B1+pansiyon&amp;oq=birgi+%C3%A7%C4%B1nalt%C4%B1+&amp;aqs=chrome.1.69i57j46i13i175i199l2j0i13i30l2.7583j0j7&amp;sourceid=chrome&amp;ie=UTF-8#\" jsdata=\"QKGTRc;_;CKeN5Q\" jsaction=\"rcuQ6b:npT2md;F75qrd\" data-ved=\"2ahUKEwiI8Mz5lLvzAhUShP0HHVD9DjQQkAgoAHoECEEQAw\"><span aria-label=\"0542 224 42 52 Numaral\u0131 Telefonu Ara\">0542 224 42 52<\/span><\/a>\u00a0<\/p>\n<p><span style=\"font-size: 14px;\">info@birgiatakonagi.com<\/span><\/p>\n<p>[\/et_pb_text][\/et_pb_column][et_pb_column type=&#8221;1_4&#8243; _builder_version=&#8221;4.4.8&#8243;][\/et_pb_column][et_pb_column type=&#8221;1_4&#8243; _builder_version=&#8221;4.4.8&#8243;][et_pb_social_media_follow _builder_version=&#8221;4.5.1&#8243;][et_pb_social_media_follow_network social_network=&#8221;facebook&#8221; _builder_version=&#8221;4.5.1&#8243; background_color=&#8221;rgba(0,0,0,0)&#8221; follow_button=&#8221;off&#8221; url_new_window=&#8221;on&#8221;]facebook[\/et_pb_social_media_follow_network][et_pb_social_media_follow_network social_network=&#8221;twitter&#8221; _builder_version=&#8221;4.5.1&#8243; background_color=&#8221;rgba(0,0,0,0)&#8221; follow_button=&#8221;off&#8221; url_new_window=&#8221;on&#8221;]twitter[\/et_pb_social_media_follow_network][et_pb_social_media_follow_network social_network=&#8221;instagram&#8221; _builder_version=&#8221;4.5.1&#8243; background_color=&#8221;rgba(0,0,0,0)&#8221; follow_button=&#8221;off&#8221; url_new_window=&#8221;on&#8221;]instagram[\/et_pb_social_media_follow_network][\/et_pb_social_media_follow][\/et_pb_column][\/et_pb_row][\/et_pb_section]<\/p>\n","protected":false},"excerpt":{"rendered":"<p>[et_pb_section fb_built=&#8221;1&#8243; admin_label=&#8221;Hero&#8221; _builder_version=&#8221;3.21.1&#8243; background_image=&#8221;http:\/\/www.birgiatakonagi.com\/wp-content\/uploads\/2021\/03\/Ekran-Resmi-2021-03-16-12.32.29-poz.jpg&#8221; background_position=&#8221;bottom_center&#8221; custom_padding=&#8221;9vw||22vw||false|false&#8221; locked=&#8221;off&#8221;][et_pb_row _builder_version=&#8221;4.5.1&#8243;][et_pb_column type=&#8221;4_4&#8243; _builder_version=&#8221;4.5.1&#8243;][et_pb_text _builder_version=&#8221;4.5.1&#8243; header_font=&#8221;Cormorant Garamond|600|||||||&#8221; header_text_color=&#8221;#1f2a4b&#8221; header_font_size=&#8221;74px&#8221; header_font_size_tablet=&#8221;48px&#8221; header_font_size_phone=&#8221;28px&#8221; header_font_size_last_edited=&#8221;on|phone&#8221; header_2_font=&#8221;Montserrat|500||on|||||&#8221; header_2_text_color=&#8221;rgba(0,0,0,0.4)&#8221; header_2_font_size=&#8221;12px&#8221; header_2_letter_spacing=&#8221;1px&#8221; header_2_line_height=&#8221;1.8em&#8221;] Welcome to Divi B\u0130RG\u0130 ATA KONAG\u0130 [\/et_pb_text][\/et_pb_column][\/et_pb_row][\/et_pb_section][et_pb_section fb_built=&#8221;1&#8243; admin_label=&#8221;Products&#8221; _builder_version=&#8221;4.5.1&#8243; background_color=&#8221;#f6f4f2&#8243; background_size=&#8221;contain&#8221; background_position=&#8221;center_left&#8221;][\/et_pb_section][et_pb_section fb_built=&#8221;1&#8243; specialty=&#8221;on&#8221; admin_label=&#8221;About&#8221; _builder_version=&#8221;4.5.1&#8243; background_color=&#8221;#f6f4f2&#8243; background_size=&#8221;initial&#8221; background_position=&#8221;center_right&#8221;][et_pb_column type=&#8221;1_4&#8243; _builder_version=&#8221;3.25&#8243; custom_padding__hover=&#8221;|||&#8221;][\/et_pb_column][et_pb_column type=&#8221;3_4&#8243; specialty_columns=&#8221;3&#8243; _builder_version=&#8221;3.25&#8243; custom_padding__hover=&#8221;|||&#8221;][et_pb_row_inner _builder_version=&#8221;4.4.8&#8243;][et_pb_column_inner type=&#8221;4_4&#8243; saved_specialty_column_type=&#8221;3_4&#8243; _builder_version=&#8221;4.4.8&#8243;][et_pb_text [&hellip;]<\/p>\n","protected":false},"author":1,"featured_media":0,"parent":0,"menu_order":0,"comment_status":"closed","ping_status":"closed","template":"","meta":{"_et_pb_use_builder":"on","_et_pb_old_content":""},"_links":{"self":[{"href":"http:\/\/www.birgiatakonagi.com\/index.php\/wp-json\/wp\/v2\/pages\/13"}],"collection":[{"href":"http:\/\/www.birgiatakonagi.com\/index.php\/wp-json\/wp\/v2\/pages"}],"about":[{"href":"http:\/\/www.birgiatakonagi.com\/index.php\/wp-json\/wp\/v2\/types\/page"}],"author":[{"embeddable":true,"href":"http:\/\/www.birgiatakonagi.com\/index.php\/wp-json\/wp\/v2\/users\/1"}],"replies":[{"embeddable":true,"href":"http:\/\/www.birgiatakonagi.com\/index.php\/wp-json\/wp\/v2\/comments?post=13"}],"version-history":[{"count":9,"href":"http:\/\/www.birgiatakonagi.com\/index.php\/wp-json\/wp\/v2\/pages\/13\/revisions"}],"predecessor-version":[{"id":61,"href":"http:\/\/www.birgiatakonagi.com\/index.php\/wp-json\/wp\/v2\/pages\/13\/revisions\/61"}],"wp:attachment":[{"href":"http:\/\/www.birgiatakonagi.com\/index.php\/wp-json\/wp\/v2\/media?parent=13"}],"curies":[{"name":"wp","href":"https:\/\/api.w.org\/{rel}","templated":true}]}}